{"id":680,"date":"2021-03-13T23:16:53","date_gmt":"2021-03-13T23:16:53","guid":{"rendered":"http:\/\/el.commonsupport.com\/newwp\/intech\/?page_id=680"},"modified":"2024-07-23T17:20:05","modified_gmt":"2024-07-23T17:20:05","slug":"contact","status":"publish","type":"page","link":"https:\/\/balder-net.de\/?page_id=680","title":{"rendered":"Kontakt"},"content":{"rendered":"\t\t<div data-elementor-type=\"wp-page\" data-elementor-id=\"680\" class=\"elementor elementor-680\">\n\t\t\t\t\t\t<section class=\"elementor-section elementor-top-section elementor-element elementor-element-5b5e52b elementor-section-full_width elementor-section-height-default elementor-section-height-default\" data-id=\"5b5e52b\" data-element_type=\"section\">\n\t\t\t\t\t\t<div class=\"elementor-container elementor-column-gap-default\">\n\t\t\t\t\t<div class=\"elementor-column elementor-col-100 elementor-top-column elementor-element elementor-element-8ceb115\" data-id=\"8ceb115\" data-element_type=\"column\">\n\t\t\t<div class=\"elementor-widget-wrap elementor-element-populated\">\n\t\t\t\t\t\t<div class=\"elementor-element elementor-element-a10da09 elementor-widget elementor-widget-intech_contact_us\" data-id=\"a10da09\" data-element_type=\"widget\" data-widget_type=\"intech_contact_us.default\">\n\t\t\t\t<div class=\"elementor-widget-container\">\n\t\t\t        \n        <section class=\"contact-info-one\">\n            <div class=\"container\">\n                <div class=\"row justify-content-between\">\n                    <div class=\"col-lg-7\">\n                        <div class=\"contact-info-one__content\">\n                            <div class=\"block-title\">\n                                <p class=\"block-title__tag-line\">Kontakt<\/p><!-- \/.block-title__tag-line -->\n                                <h3 class=\"block-title__title\"><span>Balder.Support<\/span><\/h3><!-- \/.block-title__title -->\n                                <p class=\"block-title__text\">Unser Support steht Ihnen 24 Stunden 7 Tage die Woche unter <a href=\"https:\/\/ticket.hoecht-it.de\">ticket.hoecht-it.de<\/a> zur Verf\u00fcgung. \n<br><br> Sie m\u00f6chten mit uns sprechen? Rufen Sie uns gerne an!<\/p><!-- \/.block-title__text -->\n                            <\/div><!-- \/.block-title -->\n                            <iframe width=\"633\" height=\"357\" frameborder=\"0\" scrolling=\"no\" marginheight=\"0\" marginwidth=\"0\" id=\"gmap_canvas\" src=\"https:\/\/maps.google.com\/maps?width=633&amp;height=357&amp;hl=en&amp;q=Friedrichstra%C3%9Fe%2014%20Oberasbach+(Balder%20Solutions%20GmbH)&amp;t=&amp;z=11&amp;ie=UTF8&amp;iwloc=B&amp;output=embed\"><\/iframe>                        <\/div><!-- \/.contact-info-one__content -->\n                    <\/div><!-- \/.col-lg-7 -->\n\t\t\t\t\t\n                    <div class=\"col-lg-4 wow fadeInRight\" data-wow-duration=\"1500ms\">\n                        <div class=\"contact-info-one__box \">\n\t\t\t\t\t\t\t                            <div class=\"contact-info-one__single\">\n                                <p class=\"contact-info-one__label\">Address<\/p><!-- \/.contact-info-one__label -->\n                                <p class=\"contact-info-one__text\">Friedrichstra\u00dfe 14<br>\n90522 Oberasbach<\/p><!-- \/.contact-info-one__text -->\n                            <\/div><!-- \/.contact-info-one__single -->\n\t\t\t\t\t\t\t\t\t\t\t\t\t\t\n\t\t\t\t\t\t\t                            <div class=\"contact-info-one__single\">\n                                <p class=\"contact-info-one__label\">Phone<\/p><!-- \/.contact-info-one__label -->\n                                <p class=\"contact-info-one__text\">\n\t\t\t\t\t\t\t\t\t<a href=\"tel:499114776680\">(+49) 911 477 668-0<\/a><br>\n                                    <a href=\"tel:\"><\/a>\n\t\t\t\t\t\t\t\t<\/p><!-- \/.contact-info-one__text -->\n                            <\/div><!-- \/.contact-info-one__single -->\n\t\t\t\t\t\t\t\t\t\t\t\t\t\t\n\t\t\t\t\t\t\t                            <div class=\"contact-info-one__single\">\n                                <p class=\"contact-info-one__label\">Email<\/p><!-- \/.contact-info-one__label -->\n                                <p class=\"contact-info-one__text\">\n\t\t\t\t\t\t\t\t\t<a href=\"mailto:kontakt@hoecht-it.de\">kontakt@hoecht-it.de<\/a>\n                                    <a href=\"mailto:\"><\/a>\n\t\t\t\t\t\t\t\t<\/p><!-- \/.contact-info-one__text -->\n                            <\/div><!-- \/.contact-info-one__single -->\n\t\t\t\t\t\t\t\t\t\t\t\t\t\t\n\t\t\t\t\t\t\t<div class=\"contact-info-one__single\">\n                                <p class=\"contact-info-one__label\">Share<\/p><!-- \/.contact-info-one__label -->\n                                <div class=\"contact-info-one__social\">\n\t\t\t\t\t\t\t\t\t<a href=\"#\"><i class=\"fa fa-facebook-f\"><\/i><\/a>\n                                    <a href=\"#\"><i class=\"fa fa-twitter\"><\/i><\/a>\n                                    <a href=\"#\"><i class=\"fa fa-vimeo\"><\/i><\/a>\n                                    <a href=\"#\"><i class=\"fa fa-linkedin\"><\/i><\/a>\n                                <\/div><!-- \/.contact-info-one__social -->\n                            <\/div><!-- \/.contact-info-one__single -->\n\t\t\t\t\t\t<\/div><!-- \/.contact-info-one__box -->\n                    <\/div><!-- \/.col-lg-4 -->\n                <\/div><!-- \/.row justify-content-between -->\n            <\/div><!-- \/.container -->\n        <\/section><!-- \/.contact-info-one -->\n        \n        \t\t<\/div>\n\t\t\t\t<\/div>\n\t\t\t\t\t<\/div>\n\t\t<\/div>\n\t\t\t\t\t<\/div>\n\t\t<\/section>\n\t\t<div class=\"elementor-element elementor-element-e54d1e0 e-flex e-con-boxed e-con e-parent\" data-id=\"e54d1e0\" data-element_type=\"container\" data-settings=\"{&quot;background_background&quot;:&quot;classic&quot;}\">\n\t\t\t\t\t<div class=\"e-con-inner\">\n\t\t<div class=\"elementor-element elementor-element-3155ba6 e-con-full e-flex e-con e-child\" data-id=\"3155ba6\" data-element_type=\"container\">\n\t\t\t\t<\/div>\n\t\t<div class=\"elementor-element elementor-element-34cf47c e-con-full e-flex e-con e-child\" data-id=\"34cf47c\" data-element_type=\"container\">\n\t\t\t\t<\/div>\n\t\t<div class=\"elementor-element elementor-element-6a054ed e-con-full e-flex e-con e-child\" data-id=\"6a054ed\" data-element_type=\"container\">\n\t\t\t\t<\/div>\n\t\t<div class=\"elementor-element elementor-element-afb82fe e-con-full e-flex e-con e-child\" data-id=\"afb82fe\" data-element_type=\"container\">\n\t\t\t\t<\/div>\n\t\t\t\t\t<\/div>\n\t\t\t\t<\/div>\n\t\t\t\t<\/div>\n\t\t","protected":false},"excerpt":{"rendered":"<p>Kontakt Balder.Support Unser Support steht Ihnen 24 Stunden 7 Tage die Woche unter ticket.hoecht-it.de zur Verf\u00fcgung. Sie m\u00f6chten mit uns sprechen? Rufen Sie uns gerne an! Address Friedrichstra\u00dfe 14 90522 Oberasbach Phone (+49) 911 477 668-0 Email kontakt@hoecht-it.de Share<\/p>\n","protected":false},"author":1,"featured_media":0,"parent":0,"menu_order":0,"comment_status":"closed","ping_status":"closed","template":"tpl-default-elementor.php","meta":{"footnotes":""},"class_list":["post-680","page","type-page","status-publish","hentry"],"_links":{"self":[{"href":"https:\/\/balder-net.de\/index.php?rest_route=\/wp\/v2\/pages\/680","targetHints":{"allow":["GET"]}}],"collection":[{"href":"https:\/\/balder-net.de\/index.php?rest_route=\/wp\/v2\/pages"}],"about":[{"href":"https:\/\/balder-net.de\/index.php?rest_route=\/wp\/v2\/types\/page"}],"author":[{"embeddable":true,"href":"https:\/\/balder-net.de\/index.php?rest_route=\/wp\/v2\/users\/1"}],"replies":[{"embeddable":true,"href":"https:\/\/balder-net.de\/index.php?rest_route=%2Fwp%2Fv2%2Fcomments&post=680"}],"version-history":[{"count":5,"href":"https:\/\/balder-net.de\/index.php?rest_route=\/wp\/v2\/pages\/680\/revisions"}],"predecessor-version":[{"id":1147,"href":"https:\/\/balder-net.de\/index.php?rest_route=\/wp\/v2\/pages\/680\/revisions\/1147"}],"wp:attachment":[{"href":"https:\/\/balder-net.de\/index.php?rest_route=%2Fwp%2Fv2%2Fmedia&parent=680"}],"curies":[{"name":"wp","href":"https:\/\/api.w.org\/{rel}","templated":true}]}}