{"id":412,"date":"2021-03-13T17:17:55","date_gmt":"2021-03-13T17:17:55","guid":{"rendered":"http:\/\/el.commonsupport.com\/newwp\/intech\/?page_id=412"},"modified":"2025-04-14T10:42:42","modified_gmt":"2025-04-14T10:42:42","slug":"team-page","status":"publish","type":"page","link":"https:\/\/balder-net.de\/?page_id=412","title":{"rendered":"Team Page"},"content":{"rendered":"\t\t<div data-elementor-type=\"wp-page\" data-elementor-id=\"412\" class=\"elementor elementor-412\">\n\t\t\t\t\t\t<section class=\"elementor-section elementor-top-section elementor-element elementor-element-6964dd7 elementor-section-full_width elementor-section-height-default elementor-section-height-default\" data-id=\"6964dd7\" data-element_type=\"section\">\n\t\t\t\t\t\t<div class=\"elementor-container elementor-column-gap-default\">\n\t\t\t\t\t<div class=\"elementor-column elementor-col-100 elementor-top-column elementor-element elementor-element-9e44da6\" data-id=\"9e44da6\" data-element_type=\"column\">\n\t\t\t<div class=\"elementor-widget-wrap elementor-element-populated\">\n\t\t\t\t\t\t<div class=\"elementor-element elementor-element-a4fdecd elementor-widget elementor-widget-intech_our_team_v1\" data-id=\"a4fdecd\" data-element_type=\"widget\" data-widget_type=\"intech_our_team_v1.default\">\n\t\t\t\t<div class=\"elementor-widget-container\">\n\t\t\t        \n        <section class=\"team-one\">\n            <div class=\"container\">\n                <div class=\"row no-gutters justify-content-between\">\n                    <div class=\"col-lg-4\">\n                        <div class=\"team-one__block\">\n                            <div class=\"block-title\">\n                                <h2 class=\"block-title__title\">Unser Team <br><span>Ihre Experten<\/span><\/h2><!-- \/.block-title__title -->\n                                <p class=\"block-title__text\">Du m\u00f6chtest Teil der Balder IT werden? <br>\nDann Erfahre hier, welche Stellen wir aktuell Ausschreiben:\n<\/p><!-- \/.block-title__text -->\n\t\t\t\t\t\t\t\t\n\t\t\t\t\t\t\t\t\t\t\t\t\t\t\t\t<a href=\"http:\/\/el.commonsupport.com\/newwp\/intech\/team-page\/\" class=\"thm-btn team-one__block-btn\">Join Us<\/a><!-- \/.thm-btn -->\n\t\t\t\t\t\t\t\t                            <\/div><!-- \/.block-title -->\n                        <\/div><!-- \/.tea4-one__block -->\n                    <\/div><!-- \/.col-lg-3 -->\n                                        <div class=\"col-lg-4 col-md-6 col-sm-12\">\n                        <div class=\"team-one__single wow fadeInUp\" data-wow-duration=\"1500ms\" data-wow-delay=\"500ms\">\n                            <div class=\"team-one__image\">\n                                <img fetchpriority=\"high\" decoding=\"async\" width=\"300\" height=\"300\" src=\"https:\/\/balder-net.de\/wp-content\/uploads\/2021\/03\/bild-300x300.jpeg\" class=\"attachment-intech_300x300 size-intech_300x300 wp-post-image\" alt=\"\" srcset=\"https:\/\/balder-net.de\/wp-content\/uploads\/2021\/03\/bild-300x300.jpeg 300w, https:\/\/balder-net.de\/wp-content\/uploads\/2021\/03\/bild-150x150.jpeg 150w, https:\/\/balder-net.de\/wp-content\/uploads\/2021\/03\/bild-768x768.jpeg 768w, https:\/\/balder-net.de\/wp-content\/uploads\/2021\/03\/bild-90x90.jpeg 90w, https:\/\/balder-net.de\/wp-content\/uploads\/2021\/03\/bild-350x350.jpeg 350w, https:\/\/balder-net.de\/wp-content\/uploads\/2021\/03\/bild-370x370.jpeg 370w, https:\/\/balder-net.de\/wp-content\/uploads\/2021\/03\/bild.jpeg 1024w\" sizes=\"(max-width: 300px) 100vw, 300px\" \/>\t\t\t\t\t\t\t\t\n\t\t\t\t\t\t\t\t                            <\/div><!-- \/.team-one__image -->\n                            <div class=\"team-one__content\">\n                                <h3 class=\"team-one__title\">Marcel H\u00f6cht<\/h3><!-- \/.team-one__title -->\n                                <div class=\"team-one__designation\">CEO<\/div><!-- \/.team-one__designation -->\n                            <\/div><!-- \/.team-one__content -->\n                        <\/div><!-- \/.team-one__single -->\n                    <\/div><!-- \/.col-lg-4 -->\n                                        <div class=\"col-lg-4 col-md-6 col-sm-12\">\n                        <div class=\"team-one__single wow fadeInUp\" data-wow-duration=\"1500ms\" data-wow-delay=\"500ms\">\n                            <div class=\"team-one__image\">\n                                <img decoding=\"async\" width=\"300\" height=\"300\" src=\"https:\/\/balder-net.de\/wp-content\/uploads\/2021\/03\/team-1-3.jpg\" class=\"attachment-intech_300x300 size-intech_300x300 wp-post-image\" alt=\"\" srcset=\"https:\/\/balder-net.de\/wp-content\/uploads\/2021\/03\/team-1-3.jpg 300w, https:\/\/balder-net.de\/wp-content\/uploads\/2021\/03\/team-1-3-150x150.jpg 150w, https:\/\/balder-net.de\/wp-content\/uploads\/2021\/03\/team-1-3-90x90.jpg 90w\" sizes=\"(max-width: 300px) 100vw, 300px\" \/>\t\t\t\t\t\t\t\t\n\t\t\t\t\t\t\t\t                            <\/div><!-- \/.team-one__image -->\n                            <div class=\"team-one__content\">\n                                <h3 class=\"team-one__title\">Nina Habicht<\/h3><!-- \/.team-one__title -->\n                                <div class=\"team-one__designation\">Assistenz der Gesch\u00e4ftsf\u00fchrung<\/div><!-- \/.team-one__designation -->\n                            <\/div><!-- \/.team-one__content -->\n                        <\/div><!-- \/.team-one__single -->\n                    <\/div><!-- \/.col-lg-4 -->\n                                        <div class=\"col-lg-4 col-md-6 col-sm-12\">\n                        <div class=\"team-one__single wow fadeInUp\" data-wow-duration=\"1500ms\" data-wow-delay=\"500ms\">\n                            <div class=\"team-one__image\">\n                                <img decoding=\"async\" width=\"300\" height=\"300\" src=\"https:\/\/balder-net.de\/wp-content\/uploads\/2021\/03\/team-1-4.jpg\" class=\"attachment-intech_300x300 size-intech_300x300 wp-post-image\" alt=\"\" srcset=\"https:\/\/balder-net.de\/wp-content\/uploads\/2021\/03\/team-1-4.jpg 300w, https:\/\/balder-net.de\/wp-content\/uploads\/2021\/03\/team-1-4-150x150.jpg 150w, https:\/\/balder-net.de\/wp-content\/uploads\/2021\/03\/team-1-4-90x90.jpg 90w\" sizes=\"(max-width: 300px) 100vw, 300px\" \/>\t\t\t\t\t\t\t\t\n\t\t\t\t\t\t\t\t                            <\/div><!-- \/.team-one__image -->\n                            <div class=\"team-one__content\">\n                                <h3 class=\"team-one__title\">Patrick Schwarz<\/h3><!-- \/.team-one__title -->\n                                <div class=\"team-one__designation\">Leitung IT-Service<\/div><!-- \/.team-one__designation -->\n                            <\/div><!-- \/.team-one__content -->\n                        <\/div><!-- \/.team-one__single -->\n                    <\/div><!-- \/.col-lg-4 -->\n                                        <div class=\"col-lg-4 col-md-6 col-sm-12\">\n                        <div class=\"team-one__single wow fadeInUp\" data-wow-duration=\"1500ms\" data-wow-delay=\"500ms\">\n                            <div class=\"team-one__image\">\n                                <img loading=\"lazy\" decoding=\"async\" width=\"300\" height=\"300\" src=\"https:\/\/balder-net.de\/wp-content\/uploads\/2021\/03\/IMG_8837-300x300.jpg\" class=\"attachment-intech_300x300 size-intech_300x300 wp-post-image\" alt=\"\" srcset=\"https:\/\/balder-net.de\/wp-content\/uploads\/2021\/03\/IMG_8837-300x300.jpg 300w, https:\/\/balder-net.de\/wp-content\/uploads\/2021\/03\/IMG_8837-150x150.jpg 150w, https:\/\/balder-net.de\/wp-content\/uploads\/2021\/03\/IMG_8837-90x90.jpg 90w, https:\/\/balder-net.de\/wp-content\/uploads\/2021\/03\/IMG_8837-350x350.jpg 350w, https:\/\/balder-net.de\/wp-content\/uploads\/2021\/03\/IMG_8837-370x370.jpg 370w\" sizes=\"(max-width: 300px) 100vw, 300px\" \/>\t\t\t\t\t\t\t\t\n\t\t\t\t\t\t\t\t                            <\/div><!-- \/.team-one__image -->\n                            <div class=\"team-one__content\">\n                                <h3 class=\"team-one__title\">Spyke &#038; Shiva<\/h3><!-- \/.team-one__title -->\n                                <div class=\"team-one__designation\">Office &amp; Data Security Dogs<\/div><!-- \/.team-one__designation -->\n                            <\/div><!-- \/.team-one__content -->\n                        <\/div><!-- \/.team-one__single -->\n                    <\/div><!-- \/.col-lg-4 -->\n                                        <div class=\"col-lg-4 col-md-6 col-sm-12\">\n                        <div class=\"team-one__single wow fadeInUp\" data-wow-duration=\"1500ms\" data-wow-delay=\"500ms\">\n                            <div class=\"team-one__image\">\n                                <img loading=\"lazy\" decoding=\"async\" width=\"300\" height=\"300\" src=\"https:\/\/balder-net.de\/wp-content\/uploads\/2021\/03\/thorsten-stingl.1024x1024-300x300.jpg\" class=\"attachment-intech_300x300 size-intech_300x300 wp-post-image\" alt=\"\" srcset=\"https:\/\/balder-net.de\/wp-content\/uploads\/2021\/03\/thorsten-stingl.1024x1024-300x300.jpg 300w, https:\/\/balder-net.de\/wp-content\/uploads\/2021\/03\/thorsten-stingl.1024x1024-150x150.jpg 150w, https:\/\/balder-net.de\/wp-content\/uploads\/2021\/03\/thorsten-stingl.1024x1024-768x768.jpg 768w, https:\/\/balder-net.de\/wp-content\/uploads\/2021\/03\/thorsten-stingl.1024x1024-90x90.jpg 90w, https:\/\/balder-net.de\/wp-content\/uploads\/2021\/03\/thorsten-stingl.1024x1024-350x350.jpg 350w, https:\/\/balder-net.de\/wp-content\/uploads\/2021\/03\/thorsten-stingl.1024x1024-370x370.jpg 370w, https:\/\/balder-net.de\/wp-content\/uploads\/2021\/03\/thorsten-stingl.1024x1024.jpg 1024w\" sizes=\"(max-width: 300px) 100vw, 300px\" \/>\t\t\t\t\t\t\t\t\n\t\t\t\t\t\t\t\t                            <\/div><!-- \/.team-one__image -->\n                            <div class=\"team-one__content\">\n                                <h3 class=\"team-one__title\">Thorsten Stingl<\/h3><!-- \/.team-one__title -->\n                                <div class=\"team-one__designation\">(Extern) Leitung Rechenzentren &amp; Virtualisierung<\/div><!-- \/.team-one__designation -->\n                            <\/div><!-- \/.team-one__content -->\n                        <\/div><!-- \/.team-one__single -->\n                    <\/div><!-- \/.col-lg-4 -->\n                                    <\/div><!-- \/.row -->\n            <\/div><!-- \/.container -->\n        <\/section><!-- \/.team-one -->\n\n        \t\t<\/div>\n\t\t\t\t<\/div>\n\t\t\t\t\t<\/div>\n\t\t<\/div>\n\t\t\t\t\t<\/div>\n\t\t<\/section>\n\t\t\t\t<section class=\"elementor-section elementor-top-section elementor-element elementor-element-7202d29 elementor-section-full_width elementor-section-height-default elementor-section-height-default\" data-id=\"7202d29\" data-element_type=\"section\">\n\t\t\t\t\t\t<div class=\"elementor-container elementor-column-gap-default\">\n\t\t\t\t\t<div class=\"elementor-column elementor-col-100 elementor-top-column elementor-element elementor-element-63bb82a\" data-id=\"63bb82a\" data-element_type=\"column\">\n\t\t\t<div class=\"elementor-widget-wrap elementor-element-populated\">\n\t\t\t\t\t\t<div class=\"elementor-element elementor-element-2ea73e7 elementor-widget elementor-widget-intech_call_to_action_v3\" data-id=\"2ea73e7\" data-element_type=\"widget\" data-widget_type=\"intech_call_to_action_v3.default\">\n\t\t\t\t<div class=\"elementor-widget-container\">\n\t\t\t        \n         <section class=\"cta-two wow fadeInUp\" data-wow-duration=\"2s\">\n            <div class=\"container-fluid\">\n                <div class=\"row no-gutters\">\n                    <div class=\"col-lg-6\">\n                        <div class=\"cta-two__left\">\n                            <div class=\"cta-two__inner\">\n                                <div class=\"block-title\">\n                                    <h2 class=\"block-title__title\">Professionelle IT <br><span>kosteneffizient und Kundenorientiert<\/span><\/h2><!-- \/.block-title__title -->\n                                <\/div><!-- \/.block-title -->\n\t\t\t\t\t\t\t\t                                <a href=\"http:\/\/el.commonsupport.com\/newwp\/intech\/contact\/\" class=\"thm-btn cta-two__btn\">Kontaktieren Sie uns<\/a><!-- \/.thm-btn -->\n\t\t\t\t\t\t\t\t                            <\/div><!-- \/.cta-two__inner -->\n                        <\/div><!-- \/.cta-two__left -->\n                    <\/div><!-- \/.col-lg-6 -->\n                    <div class=\"col-lg-6\">\n                        <div class=\"cta-two__right\">\n                            <div class=\"cta-two__inner\">\n                                <div class=\"block-title\">\n                                    <h2 class=\"block-title__title\">St\u00f6rung? <br>Rufen Sie uns an!<br><\/h2><!-- \/.block-title__title -->\n                                <\/div><!-- \/.block-title -->\n                                <p class=\"cta-two__phone\"><a href=\"tel:499114776680\">+49 911 477 668 -0<\/a><\/p>\n                                <!-- \/.cta-two__phone -->\n                            <\/div><!-- \/.cta-two__inner -->\n                        <\/div><!-- \/.cta-two__right -->\n                    <\/div><!-- \/.col-lg-6 -->\n                <\/div><!-- \/.row no-gutters -->\n            <\/div><!-- \/.container-fluid -->\n        <\/section><!-- \/.cta-two -->\n\n        \t\t<\/div>\n\t\t\t\t<\/div>\n\t\t\t\t\t<\/div>\n\t\t<\/div>\n\t\t\t\t\t<\/div>\n\t\t<\/section>\n\t\t\t\t<\/div>\n\t\t","protected":false},"excerpt":{"rendered":"<p>Unser Team Ihre Experten Du m\u00f6chtest Teil der Balder IT werden? Dann Erfahre hier, welche Stellen wir aktuell Ausschreiben: Join Us Marcel H\u00f6cht CEO Nina Habicht Assistenz der Gesch\u00e4ftsf\u00fchrung Patrick Schwarz Leitung IT-Service Spyke &#038; Shiva Office &amp; Data Security Dogs Thorsten Stingl (Extern) Leitung Rechenzentren &amp; Virtualisierung Professionelle IT kosteneffizient und Kundenorientiert Kontaktieren Sie [&hellip;]<\/p>\n","protected":false},"author":1,"featured_media":0,"parent":0,"menu_order":0,"comment_status":"closed","ping_status":"closed","template":"tpl-default-elementor.php","meta":{"footnotes":""},"class_list":["post-412","page","type-page","status-publish","hentry"],"_links":{"self":[{"href":"https:\/\/balder-net.de\/index.php?rest_route=\/wp\/v2\/pages\/412","targetHints":{"allow":["GET"]}}],"collection":[{"href":"https:\/\/balder-net.de\/index.php?rest_route=\/wp\/v2\/pages"}],"about":[{"href":"https:\/\/balder-net.de\/index.php?rest_route=\/wp\/v2\/types\/page"}],"author":[{"embeddable":true,"href":"https:\/\/balder-net.de\/index.php?rest_route=\/wp\/v2\/users\/1"}],"replies":[{"embeddable":true,"href":"https:\/\/balder-net.de\/index.php?rest_route=%2Fwp%2Fv2%2Fcomments&post=412"}],"version-history":[{"count":5,"href":"https:\/\/balder-net.de\/index.php?rest_route=\/wp\/v2\/pages\/412\/revisions"}],"predecessor-version":[{"id":2422,"href":"https:\/\/balder-net.de\/index.php?rest_route=\/wp\/v2\/pages\/412\/revisions\/2422"}],"wp:attachment":[{"href":"https:\/\/balder-net.de\/index.php?rest_route=%2Fwp%2Fv2%2Fmedia&parent=412"}],"curies":[{"name":"wp","href":"https:\/\/api.w.org\/{rel}","templated":true}]}}