{"id":380,"date":"2021-03-13T16:21:18","date_gmt":"2021-03-13T16:21:18","guid":{"rendered":"http:\/\/el.commonsupport.com\/newwp\/intech\/?page_id=380"},"modified":"2025-04-14T10:38:55","modified_gmt":"2025-04-14T10:38:55","slug":"about-one","status":"publish","type":"page","link":"https:\/\/balder-net.de\/?page_id=380","title":{"rendered":"About One"},"content":{"rendered":"\t\t<div data-elementor-type=\"wp-page\" data-elementor-id=\"380\" class=\"elementor elementor-380\">\n\t\t\t\t\t\t<section class=\"elementor-section elementor-top-section elementor-element elementor-element-5bd1a5f elementor-section-full_width elementor-section-height-default elementor-section-height-default\" data-id=\"5bd1a5f\" data-element_type=\"section\">\n\t\t\t\t\t\t<div class=\"elementor-container elementor-column-gap-default\">\n\t\t\t\t\t<div class=\"elementor-column elementor-col-100 elementor-top-column elementor-element elementor-element-29bb4f3\" data-id=\"29bb4f3\" data-element_type=\"column\">\n\t\t\t<div class=\"elementor-widget-wrap elementor-element-populated\">\n\t\t\t\t\t\t<div class=\"elementor-element elementor-element-8961731 elementor-widget elementor-widget-intech_partners_v2\" data-id=\"8961731\" data-element_type=\"widget\" data-widget_type=\"intech_partners_v2.default\">\n\t\t\t\t<div class=\"elementor-widget-container\">\n\t\t\t        \n        <div class=\"brand-two\">\n            <div class=\"container\">\n                <div class=\"brand-two__carousel owl-carousel owl-theme\">\n\t\t\t\t\t                    <div class=\"item\">\n                        <img decoding=\"async\" src=\"https:\/\/balder-net.de\/wp-content\/uploads\/2021\/03\/brand-1-1.png\" alt=\"Harrison\">\n                    <\/div><!-- \/.item -->\n\t\t\t\t\t                    <div class=\"item\">\n                        <img decoding=\"async\" src=\"https:\/\/balder-net.de\/wp-content\/uploads\/2021\/03\/brand-1-2.png\" alt=\"Brandon\">\n                    <\/div><!-- \/.item -->\n\t\t\t\t\t                    <div class=\"item\">\n                        <img decoding=\"async\" src=\"https:\/\/balder-net.de\/wp-content\/uploads\/2021\/03\/brand-1-3.png\" alt=\"Design Studio\">\n                    <\/div><!-- \/.item -->\n\t\t\t\t\t                    <div class=\"item\">\n                        <img decoding=\"async\" src=\"https:\/\/balder-net.de\/wp-content\/uploads\/2021\/03\/brand-1-4.png\" alt=\"Design Studio\">\n                    <\/div><!-- \/.item -->\n\t\t\t\t\t                    <div class=\"item\">\n                        <img decoding=\"async\" src=\"https:\/\/balder-net.de\/wp-content\/uploads\/2021\/03\/brand-1-5.png\" alt=\"Academia\">\n                    <\/div><!-- \/.item -->\n\t\t\t\t\t                <\/div><!-- \/.brand-two__carousel -->\n            <\/div><!-- \/.container -->\n        <\/div><!-- \/.brand-two -->\n        \n        \t\t<\/div>\n\t\t\t\t<\/div>\n\t\t\t\t\t<\/div>\n\t\t<\/div>\n\t\t\t\t\t<\/div>\n\t\t<\/section>\n\t\t\t\t<section class=\"elementor-section elementor-top-section elementor-element elementor-element-2072895 elementor-section-full_width elementor-section-height-default elementor-section-height-default\" data-id=\"2072895\" data-element_type=\"section\">\n\t\t\t\t\t\t<div class=\"elementor-container elementor-column-gap-default\">\n\t\t\t\t\t<div class=\"elementor-column elementor-col-100 elementor-top-column elementor-element elementor-element-067d6af\" data-id=\"067d6af\" data-element_type=\"column\">\n\t\t\t<div class=\"elementor-widget-wrap elementor-element-populated\">\n\t\t\t\t\t\t<div class=\"elementor-element elementor-element-a99a4ab elementor-widget elementor-widget-intech_about_us_v2\" data-id=\"a99a4ab\" data-element_type=\"widget\" data-widget_type=\"intech_about_us_v2.default\">\n\t\t\t\t<div class=\"elementor-widget-container\">\n\t\t\t        \n        <section class=\"about-two\">\n            <div class=\"container\">\n                <div class=\"row\">\n                    <div class=\"col-lg-6\">\n                        <div class=\"about-two__content\">\n                            <div class=\"block-title\">\n                                <h3 class=\"block-title__title\">BALDER. <br><span>Wer wir sind<\/span><\/h3><!-- \/.block-title__title -->\n                                <p class=\"block-title__text\">BALDER. ist ein junges zielorientiertes IT-Unternehmen. Die Balder Solutions GmbH wurde im Jahr 2024 von Marcel H\u00f6cht gegr\u00fcndet. Mit einer klaren Vision und dem Ziel, ein f\u00fchrendes IT-Unternehmen zu schaffen, setzt Herr H\u00f6cht seine erfolgreiche Karriere als IT-Dienstleister fort.\n\nMarcel H\u00f6cht ist seit 2017 selbstst\u00e4ndig und gr\u00fcndete 2020 die Firma H\u00f6cht IT Dienstleistungen. Durch seine Expertise und sein Engagement konnte er namhafte Kunden gewinnen und zahlreiche Gro\u00dfprojekte erfolgreich realisieren. Die Umwandlung von H\u00f6cht IT Dienstleistungen zur Balder Solutions GmbH im Jahr 2024 markiert einen bedeutenden Schritt in der Verwirklichung seiner Vision.\n\nDie Balder Solutions GmbH steht f\u00fcr innovative IT-L\u00f6sungen, h\u00f6chste Professionalit\u00e4t und kundenorientierten Service. Wir bieten ein umfassendes Leistungsspektrum, das von IT-Beratung und Netzwerkl\u00f6sungen bis hin zu Cloud-Diensten und IT-Sicherheit reicht. Unser Ziel ist es, unseren Kunden ma\u00dfgeschneiderte L\u00f6sungen zu bieten, die ihre Gesch\u00e4ftsprozesse optimieren und ihnen helfen, ihre Ziele zu erreichen.\n\nWir sind stolz darauf, unsere Reise als Balder Solutions GmbH fortzusetzen und freuen uns darauf, gemeinsam mit unseren Kunden die Zukunft der IT zu gestalten.<\/p>\n                                <!-- \/.block-title__text -->\n                            <\/div><!-- \/.block-title -->\n                            <div class=\"about-two__tab-block\">\n                                <ul class=\"nav nav-tabs about-two__tab-title\" role=\"tablist\">\n\t\t\t\t\t\t\t\t\t                                    <li class=\"nav-item about-two__tab-title-item\">\n                                        <a class=\"nav-link about-two__tab-title-link active\" href=\"#tab-1\" role=\"tab\" data-toggle=\"tab\">2017<\/a>\n                                    <\/li>\n\t\t\t\t\t\t\t\t\t                                    <li class=\"nav-item about-two__tab-title-item\">\n                                        <a class=\"nav-link about-two__tab-title-link \" href=\"#tab-2\" role=\"tab\" data-toggle=\"tab\">2020<\/a>\n                                    <\/li>\n\t\t\t\t\t\t\t\t\t                                    <li class=\"nav-item about-two__tab-title-item\">\n                                        <a class=\"nav-link about-two__tab-title-link \" href=\"#tab-3\" role=\"tab\" data-toggle=\"tab\">2023<\/a>\n                                    <\/li>\n\t\t\t\t\t\t\t\t\t                                    <li class=\"nav-item about-two__tab-title-item\">\n                                        <a class=\"nav-link about-two__tab-title-link \" href=\"#tab-4\" role=\"tab\" data-toggle=\"tab\">2024<\/a>\n                                    <\/li>\n\t\t\t\t\t\t\t\t\t                                    <li class=\"nav-item about-two__tab-title-item\">\n                                        <a class=\"nav-link about-two__tab-title-link \" href=\"#tab-5\" role=\"tab\" data-toggle=\"tab\">... 20??<\/a>\n                                    <\/li>\n\t\t\t\t\t\t\t\t\t                                <\/ul>\n                                <div class=\"about-two__tab-content tab-content\">\n\t\t\t\t\t\t\t\t\t                                    <div role=\"tabpanel\" class=\"tab-pane show active animated fadeInUp\" id=\"tab-1\">\n                                        <div class=\"about-two__content\">\n                                            <p class=\"about-two__text\">Gr\u00fcndung der SiKoNet GmbH als Telekommunikationsdienstleister f\u00fcr die Telekom, Vodafone und Telefonica (o2)<\/p>\n\t\t\t\t\t\t\t\t\t\t\t\n\t\t\t\t\t\t\t\t\t\t\t                                            <ul class=\"about-two__list list-unstyled\">\n                                                \t\t\t\t\t\t\t\t\t\t\t\t<li class=\"about-two__list-item\">Mobilfunk<\/li><!-- \/.about-two__list-item -->\n\t\t\t\t\t\t\t\t\t\t\t\t\t\t\t\t\t\t\t\t\t\t\t\t<li class=\"about-two__list-item\">Festnetz<\/li><!-- \/.about-two__list-item -->\n\t\t\t\t\t\t\t\t\t\t\t\t\t\t\t\t\t\t\t\t\t\t\t\t<li class=\"about-two__list-item\">MDM-L\u00f6sungen<\/li><!-- \/.about-two__list-item -->\n\t\t\t\t\t\t\t\t\t\t\t\t\t\t\t\t\t\t\t\t\t\t\t\t<li class=\"about-two__list-item\">Telefonanlagen<\/li><!-- \/.about-two__list-item -->\n\t\t\t\t\t\t\t\t\t\t\t\t                                            <\/ul><!-- \/.about-two__list -->\n\t\t\t\t\t\t\t\t\t\t\t\t\t\t\t\t\t\t\t\t\t\t\n\t\t\t\t\t\t\t\t\t\t\t                                        <\/div><!-- \/.about-two__content -->\n                                    <\/div><!-- \/.tab-pane -->\n\t\t\t\t\t\t\t\t\t                                    <div role=\"tabpanel\" class=\"tab-pane  animated fadeInUp\" id=\"tab-2\">\n                                        <div class=\"about-two__content\">\n                                            <p class=\"about-two__text\">Gr\u00fcndung der H\u00f6cht IT Dienstleistungen <br>,IT-Dienstleister im Bereich Managed IT-Services<\/p>\n\t\t\t\t\t\t\t\t\t\t\t\n\t\t\t\t\t\t\t\t\t\t\t                                            <ul class=\"about-two__list list-unstyled\">\n                                                \t\t\t\t\t\t\t\t\t\t\t\t<li class=\"about-two__list-item\">Client Hardware<\/li><!-- \/.about-two__list-item -->\n\t\t\t\t\t\t\t\t\t\t\t\t\t\t\t\t\t\t\t\t\t\t\t\t<li class=\"about-two__list-item\">Server Hardware<\/li><!-- \/.about-two__list-item -->\n\t\t\t\t\t\t\t\t\t\t\t\t\t\t\t\t\t\t\t\t\t\t\t\t<li class=\"about-two__list-item\">Webdesign<\/li><!-- \/.about-two__list-item -->\n\t\t\t\t\t\t\t\t\t\t\t\t\t\t\t\t\t\t\t\t\t\t\t\t<li class=\"about-two__list-item\">Netzwerk<\/li><!-- \/.about-two__list-item -->\n\t\t\t\t\t\t\t\t\t\t\t\t\t\t\t\t\t\t\t\t\t\t\t\t<li class=\"about-two__list-item\">Security &amp; Firewall<\/li><!-- \/.about-two__list-item -->\n\t\t\t\t\t\t\t\t\t\t\t\t\t\t\t\t\t\t\t\t\t\t\t\t<li class=\"about-two__list-item\"><\/li><!-- \/.about-two__list-item -->\n\t\t\t\t\t\t\t\t\t\t\t\t                                            <\/ul><!-- \/.about-two__list -->\n\t\t\t\t\t\t\t\t\t\t\t\t\t\t\t\t\t\t\t\t\t\t\n\t\t\t\t\t\t\t\t\t\t\t                                        <\/div><!-- \/.about-two__content -->\n                                    <\/div><!-- \/.tab-pane -->\n\t\t\t\t\t\t\t\t\t                                    <div role=\"tabpanel\" class=\"tab-pane  animated fadeInUp\" id=\"tab-3\">\n                                        <div class=\"about-two__content\">\n                                            <p class=\"about-two__text\">Aufbau und Inbetriebnahme des Rechenzentrums in N\u00fcrnberg NUERZ01.<\/p>\n\t\t\t\t\t\t\t\t\t\t\t\n\t\t\t\t\t\t\t\t\t\t\t\t\t\t\t\t\t\t\t\t\t\t\n\t\t\t\t\t\t\t\t\t\t\t                                        <\/div><!-- \/.about-two__content -->\n                                    <\/div><!-- \/.tab-pane -->\n\t\t\t\t\t\t\t\t\t                                    <div role=\"tabpanel\" class=\"tab-pane  animated fadeInUp\" id=\"tab-4\">\n                                        <div class=\"about-two__content\">\n                                            <p class=\"about-two__text\">Umwandlung der H\u00f6cht IT Dienstleistungen in Balder Solutions GmbH<\/p>\n\t\t\t\t\t\t\t\t\t\t\t\n\t\t\t\t\t\t\t\t\t\t\t\t\t\t\t\t\t\t\t\t\t\t\n\t\t\t\t\t\t\t\t\t\t\t                                        <\/div><!-- \/.about-two__content -->\n                                    <\/div><!-- \/.tab-pane -->\n\t\t\t\t\t\t\t\t\t                                    <div role=\"tabpanel\" class=\"tab-pane  animated fadeInUp\" id=\"tab-5\">\n                                        <div class=\"about-two__content\">\n                                            <p class=\"about-two__text\">Wir sind st\u00e4tig daran Interessiert unsere Firmengeschichte weiter zu schreiben... Vielleicht mit dir?<\/p>\n\t\t\t\t\t\t\t\t\t\t\t\n\t\t\t\t\t\t\t\t\t\t\t\t\t\t\t\t\t\t\t\t\t\t\n\t\t\t\t\t\t\t\t\t\t\t                                            <a href=\"https:\/\/balder-net.de\/?p=833\" class=\"thm-btn about-two__btn\">Unser Jobs<\/a>\n\t\t\t\t\t\t\t\t\t\t\t                                        <\/div><!-- \/.about-two__content -->\n                                    <\/div><!-- \/.tab-pane -->\n\t\t\t\t\t\t\t\t\t                                <\/div><!-- \/.tab-content -->\n                            <\/div><!-- \/.about-two__tab-block -->\n                        <\/div><!-- \/.about-two__content -->\n                    <\/div><!-- \/.col-lg-6 -->\n                    <div class=\"col-lg-6\">\n                        <div class=\"video-one wow fadeInRight\" data-wow-duration=\"1500ms\">\n                            <img decoding=\"async\" src=\"https:\/\/balder-net.de\/wp-content\/uploads\/2021\/03\/blog-2-2.jpg\" alt=\"Awesome Image\">\n\t\t\t\t\t\t\t                        <\/div><!-- \/.video-one -->\n                    <\/div><!-- \/.col-lg-6 -->\n                <\/div><!-- \/.row -->\n            <\/div><!-- \/.container -->\n        <\/section><!-- \/.about-two -->\n\n        \t\t<\/div>\n\t\t\t\t<\/div>\n\t\t\t\t\t<\/div>\n\t\t<\/div>\n\t\t\t\t\t<\/div>\n\t\t<\/section>\n\t\t\t\t<section class=\"elementor-section elementor-top-section elementor-element elementor-element-bf89d21 elementor-section-full_width elementor-section-height-default elementor-section-height-default\" data-id=\"bf89d21\" data-element_type=\"section\" data-settings=\"{&quot;background_background&quot;:&quot;classic&quot;}\">\n\t\t\t\t\t\t\t<div class=\"elementor-background-overlay\"><\/div>\n\t\t\t\t\t\t\t<div class=\"elementor-container elementor-column-gap-default\">\n\t\t\t\t\t<div class=\"elementor-column elementor-col-100 elementor-top-column elementor-element elementor-element-21be2ff\" data-id=\"21be2ff\" data-element_type=\"column\">\n\t\t\t<div class=\"elementor-widget-wrap elementor-element-populated\">\n\t\t\t\t\t\t<div class=\"elementor-element elementor-element-3e2bcb1 elementor-widget elementor-widget-intech_facts_counter\" data-id=\"3e2bcb1\" data-element_type=\"widget\" data-widget_type=\"intech_facts_counter.default\">\n\t\t\t\t<div class=\"elementor-widget-container\">\n\t\t\t        \n        <section class=\"funfact-one\">\n            <div class=\"container\">\n\t\t\t\t                <div class=\"funfact-one__single wow fadeInUp\" data-wow-duration=\"1500ms\" data-wow-delay=\"0ms\">\n                    <h3 class=\"funfact-one__title counter\">90<\/h3><!-- \/.funfact-one__title -->\n                    <p class=\"funfact-one__text\">Projekte<\/p><!-- \/.funfact-one__text -->\n                <\/div><!-- \/.funfact-one__single -->\n\t\t\t\t                <div class=\"funfact-one__single wow fadeInUp\" data-wow-duration=\"1500ms\" data-wow-delay=\"0ms\">\n                    <h3 class=\"funfact-one__title counter\">220<\/h3><!-- \/.funfact-one__title -->\n                    <p class=\"funfact-one__text\">Zufriedene Kunden<\/p><!-- \/.funfact-one__text -->\n                <\/div><!-- \/.funfact-one__single -->\n\t\t\t\t                <div class=\"funfact-one__single wow fadeInUp\" data-wow-duration=\"1500ms\" data-wow-delay=\"0ms\">\n                    <h3 class=\"funfact-one__title counter\">1650<\/h3><!-- \/.funfact-one__title -->\n                    <p class=\"funfact-one__text\">Anzahl an Clients<\/p><!-- \/.funfact-one__text -->\n                <\/div><!-- \/.funfact-one__single -->\n\t\t\t\t                <div class=\"funfact-one__single wow fadeInUp\" data-wow-duration=\"1500ms\" data-wow-delay=\"0ms\">\n                    <h3 class=\"funfact-one__title counter\">17<\/h3><!-- \/.funfact-one__title -->\n                    <p class=\"funfact-one__text\">Partner<\/p><!-- \/.funfact-one__text -->\n                <\/div><!-- \/.funfact-one__single -->\n\t\t\t\t            <\/div><!-- \/.container -->\n        <\/section><!-- \/.funfact-one -->\n        \n        \t\t<\/div>\n\t\t\t\t<\/div>\n\t\t\t\t\t<\/div>\n\t\t<\/div>\n\t\t\t\t\t<\/div>\n\t\t<\/section>\n\t\t\t\t<section class=\"elementor-section elementor-top-section elementor-element elementor-element-f5268bb elementor-section-full_width elementor-section-height-default elementor-section-height-default\" data-id=\"f5268bb\" data-element_type=\"section\">\n\t\t\t\t\t\t<div class=\"elementor-container elementor-column-gap-default\">\n\t\t\t\t\t<div class=\"elementor-column elementor-col-100 elementor-top-column elementor-element elementor-element-e5c8a6e\" data-id=\"e5c8a6e\" data-element_type=\"column\">\n\t\t\t<div class=\"elementor-widget-wrap elementor-element-populated\">\n\t\t\t\t\t\t<div class=\"elementor-element elementor-element-57116cd elementor-widget elementor-widget-intech_call_to_action_v3\" data-id=\"57116cd\" data-element_type=\"widget\" data-widget_type=\"intech_call_to_action_v3.default\">\n\t\t\t\t<div class=\"elementor-widget-container\">\n\t\t\t        \n         <section class=\"cta-two wow fadeInUp\" data-wow-duration=\"2s\">\n            <div class=\"container-fluid\">\n                <div class=\"row no-gutters\">\n                    <div class=\"col-lg-6\">\n                        <div class=\"cta-two__left\">\n                            <div class=\"cta-two__inner\">\n                                <div class=\"block-title\">\n                                    <h2 class=\"block-title__title\">Professionelle IT <br><span>kosteneffizient und Kundenorientiert<\/span><\/h2><!-- \/.block-title__title -->\n                                <\/div><!-- \/.block-title -->\n\t\t\t\t\t\t\t\t                                <a href=\"http:\/\/el.commonsupport.com\/newwp\/intech\/contact\/\" class=\"thm-btn cta-two__btn\">Kontaktieren Sie uns<\/a><!-- \/.thm-btn -->\n\t\t\t\t\t\t\t\t                            <\/div><!-- \/.cta-two__inner -->\n                        <\/div><!-- \/.cta-two__left -->\n                    <\/div><!-- \/.col-lg-6 -->\n                    <div class=\"col-lg-6\">\n                        <div class=\"cta-two__right\">\n                            <div class=\"cta-two__inner\">\n                                <div class=\"block-title\">\n                                    <h2 class=\"block-title__title\">St\u00f6rung? <br>Rufen Sie uns an!<br><\/h2><!-- \/.block-title__title -->\n                                <\/div><!-- \/.block-title -->\n                                <p class=\"cta-two__phone\"><a href=\"tel:499114776680\">+49 911 477 668 -0<\/a><\/p>\n                                <!-- \/.cta-two__phone -->\n                            <\/div><!-- \/.cta-two__inner -->\n                        <\/div><!-- \/.cta-two__right -->\n                    <\/div><!-- \/.col-lg-6 -->\n                <\/div><!-- \/.row no-gutters -->\n            <\/div><!-- \/.container-fluid -->\n        <\/section><!-- \/.cta-two -->\n\n        \t\t<\/div>\n\t\t\t\t<\/div>\n\t\t\t\t\t<\/div>\n\t\t<\/div>\n\t\t\t\t\t<\/div>\n\t\t<\/section>\n\t\t\t\t<\/div>\n\t\t","protected":false},"excerpt":{"rendered":"<p>BALDER. Wer wir sind BALDER. ist ein junges zielorientiertes IT-Unternehmen. Die Balder Solutions GmbH wurde im Jahr 2024 von Marcel H\u00f6cht gegr\u00fcndet. Mit einer klaren Vision und dem Ziel, ein f\u00fchrendes IT-Unternehmen zu schaffen, setzt Herr H\u00f6cht seine erfolgreiche Karriere als IT-Dienstleister fort. Marcel H\u00f6cht ist seit 2017 selbstst\u00e4ndig und gr\u00fcndete 2020 die Firma H\u00f6cht [&hellip;]<\/p>\n","protected":false},"author":1,"featured_media":0,"parent":0,"menu_order":0,"comment_status":"closed","ping_status":"closed","template":"tpl-default-elementor.php","meta":{"footnotes":""},"class_list":["post-380","page","type-page","status-publish","hentry"],"_links":{"self":[{"href":"https:\/\/balder-net.de\/index.php?rest_route=\/wp\/v2\/pages\/380","targetHints":{"allow":["GET"]}}],"collection":[{"href":"https:\/\/balder-net.de\/index.php?rest_route=\/wp\/v2\/pages"}],"about":[{"href":"https:\/\/balder-net.de\/index.php?rest_route=\/wp\/v2\/types\/page"}],"author":[{"embeddable":true,"href":"https:\/\/balder-net.de\/index.php?rest_route=\/wp\/v2\/users\/1"}],"replies":[{"embeddable":true,"href":"https:\/\/balder-net.de\/index.php?rest_route=%2Fwp%2Fv2%2Fcomments&post=380"}],"version-history":[{"count":5,"href":"https:\/\/balder-net.de\/index.php?rest_route=\/wp\/v2\/pages\/380\/revisions"}],"predecessor-version":[{"id":2419,"href":"https:\/\/balder-net.de\/index.php?rest_route=\/wp\/v2\/pages\/380\/revisions\/2419"}],"wp:attachment":[{"href":"https:\/\/balder-net.de\/index.php?rest_route=%2Fwp%2Fv2%2Fmedia&parent=380"}],"curies":[{"name":"wp","href":"https:\/\/api.w.org\/{rel}","templated":true}]}}